{"id":609,"date":"2020-03-13T00:08:50","date_gmt":"2020-03-13T00:08:50","guid":{"rendered":"http:\/\/www.haitivision.ca\/?page_id=609"},"modified":"2021-06-14T15:23:33","modified_gmt":"2021-06-14T15:23:33","slug":"societe","status":"publish","type":"page","link":"https:\/\/www.haitivision.ca\/en\/references\/societe\/","title":{"rendered":"Society"},"content":{"rendered":"<div data-elementor-type=\"wp-post\" data-elementor-id=\"609\" class=\"elementor elementor-609\" data-elementor-post-type=\"page\">\n\t\t\t\t\t\t\t\t\t<section class=\"elementor-section elementor-top-section elementor-element elementor-element-89d250e elementor-section-boxed elementor-section-height-default elementor-section-height-default\" data-id=\"89d250e\" data-element_type=\"section\">\n\t\t\t\t\t\t<div class=\"elementor-container elementor-column-gap-default\">\n\t\t\t\t\t<div class=\"elementor-column elementor-col-100 elementor-top-column elementor-element elementor-element-0209cd3\" data-id=\"0209cd3\" data-element_type=\"column\">\n\t\t\t<div class=\"elementor-widget-wrap elementor-element-populated\">\n\t\t\t\t\t\t\t\t<div class=\"elementor-element elementor-element-7d463ab elementor-widget elementor-widget-text-editor\" data-id=\"7d463ab\" data-element_type=\"widget\" data-widget_type=\"text-editor.default\">\n\t\t\t\t<div class=\"elementor-widget-container\">\n\t\t\t\t\t\t\t<h2><strong>Society<\/strong><\/h2>\t\t\t\t\t\t<\/div>\n\t\t\t\t<\/div>\n\t\t\t\t<div class=\"elementor-element elementor-element-02ddc89 elementor-widget-divider--view-line elementor-widget elementor-widget-divider\" data-id=\"02ddc89\" data-element_type=\"widget\" data-widget_type=\"divider.default\">\n\t\t\t\t<div class=\"elementor-widget-container\">\n\t\t\t\t\t<div class=\"elementor-divider\">\n\t\t\t<span class=\"elementor-divider-separator\">\n\t\t\t\t\t\t<\/span>\n\t\t<\/div>\n\t\t\t\t<\/div>\n\t\t\t\t<\/div>\n\t\t\t\t<div class=\"elementor-element elementor-element-8afce80 elementor-widget elementor-widget-text-editor\" data-id=\"8afce80\" data-element_type=\"widget\" data-widget_type=\"text-editor.default\">\n\t\t\t\t<div class=\"elementor-widget-container\">\n\t\t\t\t\t\t\t<p><!--BeginFragment--><\/p><p>The notion and definition of races have changed over time. With the nineteenth century being the period when the formal classification emerged and three &quot;great races&quot; were recognized under the technical terms of Negroid, Caucasoid and Mongolian.<\/p><p><strong>Black race<\/strong>\u00a0or before officially does he\u00a0<strong>Negroid race<\/strong>\u00a0is a historical racial category. It was one of the three main historical races, alongside the Caucasoid and the Mongoloid races. The major population included in the category in the 19th century and early 20th century were blacks from sub-Saharan Africa. As with other races, the black race is divided into subtypes.<\/p><p>In the past, Australian Aborigines, Melanesians and Negrito as well as Papuans (the inhabitants of New Guinea) were included in the Negroid race but have now since the 1940s generally been referred to as the Australoid race. Carleton Stevens Coon, the American physical anthropologist rejected the notion of a unified Negroid race in his 1962 book \u201d <em>The origin of races &#039;&#039;<\/em>, dividing the population of black Africa into a\u00a0<strong>Congoid race<\/strong>\u00a0(Central and West Africa) and a <strong>Capoid breed<\/strong>\u00a0(South and East Africa).<\/p><p>More recently, the term Africoid has been used to integrate into the black race more different types of dark-skinned people, including the peoples of East Africa, the Horn of Africa (Ethiopians, Eritreans, Somalis and Nubians)<\/p>\t\t\t\t\t\t<\/div>\n\t\t\t\t<\/div>\n\t\t\t\t\t<\/div>\n\t\t<\/div>\n\t\t\t\t\t\t\t<\/div>\n\t\t<\/section>\n\t\t\t\t<section class=\"elementor-section elementor-top-section elementor-element elementor-element-985aef8 elementor-section-boxed elementor-section-height-default elementor-section-height-default\" data-id=\"985aef8\" data-element_type=\"section\">\n\t\t\t\t\t\t<div class=\"elementor-container elementor-column-gap-default\">\n\t\t\t\t\t<div class=\"elementor-column elementor-col-100 elementor-top-column elementor-element elementor-element-904e96c\" data-id=\"904e96c\" data-element_type=\"column\">\n\t\t\t<div class=\"elementor-widget-wrap elementor-element-populated\">\n\t\t\t\t\t\t\t\t<div class=\"elementor-element elementor-element-9486f33 elementor-widget elementor-widget-image\" data-id=\"9486f33\" data-element_type=\"widget\" data-widget_type=\"image.default\">\n\t\t\t\t<div class=\"elementor-widget-container\">\n\t\t\t\t\t\t\t\t\t\t\t\t<figure class=\"wp-caption\">\n\t\t\t\t\t\t\t\t\t\t<img loading=\"lazy\" decoding=\"async\" width=\"220\" height=\"188\" src=\"https:\/\/www.haitivision.ca\/wp-content\/uploads\/2020\/03\/Negroid.jpg\" class=\"attachment-large size-large wp-image-631\" alt=\"\" \/>\t\t\t\t\t\t\t\t\t\t\t<figcaption class=\"widget-image-caption wp-caption-text\">Negroid types according to Meyers Blitz-Lexicon, published in 1932<\/figcaption>\n\t\t\t\t\t\t\t\t\t\t<\/figure>\n\t\t\t\t\t\t\t\t\t<\/div>\n\t\t\t\t<\/div>\n\t\t\t\t\t<\/div>\n\t\t<\/div>\n\t\t\t\t\t\t\t<\/div>\n\t\t<\/section>\n\t\t\t\t<section class=\"elementor-section elementor-top-section elementor-element elementor-element-53d6062 elementor-section-boxed elementor-section-height-default elementor-section-height-default\" data-id=\"53d6062\" data-element_type=\"section\">\n\t\t\t\t\t\t<div class=\"elementor-container elementor-column-gap-default\">\n\t\t\t\t\t<div class=\"elementor-column elementor-col-100 elementor-top-column elementor-element elementor-element-19d2a6c\" data-id=\"19d2a6c\" data-element_type=\"column\">\n\t\t\t<div class=\"elementor-widget-wrap elementor-element-populated\">\n\t\t\t\t\t\t\t\t<div class=\"elementor-element elementor-element-a99e43c elementor-widget elementor-widget-text-editor\" data-id=\"a99e43c\" data-element_type=\"widget\" data-widget_type=\"text-editor.default\">\n\t\t\t\t<div class=\"elementor-widget-container\">\n\t\t\t\t\t\t\t<p><!--BeginFragment--><\/p><p>The term\u00a0<strong>Caucasian race<\/strong>\u00a0(or\u00a0<strong>Caucasoid<\/strong>, sometimes also\u00a0<strong>Europid<\/strong>, or\u00a0<strong>Europoid<\/strong>) refers to the race or phenotypes of all or part of the indigenous human populations of Europe, North Africa, the Horn of Africa, West Asia, Central Asia and South Asia.<\/p><p>Commonly used in American English, the term &quot;Caucasian&quot; (rarely supplemented by the word &quot;race&quot;) is sometimes reserved for Europeans and other lighter-skinned populations in these areas, and can be considered equivalent to the various definitions of white people. The term continues to be used widely in many scientific and general contexts, generally with a narrow meaning of &quot;white&quot;, specifically American white in the context of the United States.<\/p><p>The United States National Library of Medicine has used the term &quot;Caucasian&quot; as a race in the past, but ceased its use in favor of the term &quot;European&quot;, thus avoiding the now suspicious term &quot;race&quot;.<\/p><p>More recently, the inhabitants of the Horn of Africa have started to be included in the larger Africoid group as another type of blacks instead of being an extension of the Caucasian group resulting from the mixing of blacks and Arabs.<\/p>\t\t\t\t\t\t<\/div>\n\t\t\t\t<\/div>\n\t\t\t\t<div class=\"elementor-element elementor-element-6d382c0 elementor-widget elementor-widget-image\" data-id=\"6d382c0\" data-element_type=\"widget\" data-widget_type=\"image.default\">\n\t\t\t\t<div class=\"elementor-widget-container\">\n\t\t\t\t\t\t\t\t\t\t\t\t<figure class=\"wp-caption\">\n\t\t\t\t\t\t\t\t\t\t<img loading=\"lazy\" decoding=\"async\" width=\"202\" height=\"131\" src=\"https:\/\/www.haitivision.ca\/wp-content\/uploads\/2020\/03\/Caucasoid.jpg\" class=\"attachment-large size-large wp-image-632\" alt=\"\" \/>\t\t\t\t\t\t\t\t\t\t\t<figcaption class=\"widget-image-caption wp-caption-text\">Caucasian types according to Meyers Blitz-Lexicon, published in 1932<\/figcaption>\n\t\t\t\t\t\t\t\t\t\t<\/figure>\n\t\t\t\t\t\t\t\t\t<\/div>\n\t\t\t\t<\/div>\n\t\t\t\t\t<\/div>\n\t\t<\/div>\n\t\t\t\t\t\t\t<\/div>\n\t\t<\/section>\n\t\t\t\t<section class=\"elementor-section elementor-top-section elementor-element elementor-element-2188084 elementor-section-boxed elementor-section-height-default elementor-section-height-default\" data-id=\"2188084\" data-element_type=\"section\">\n\t\t\t\t\t\t<div class=\"elementor-container elementor-column-gap-default\">\n\t\t\t\t\t<div class=\"elementor-column elementor-col-100 elementor-top-column elementor-element elementor-element-f69b68f\" data-id=\"f69b68f\" data-element_type=\"column\">\n\t\t\t<div class=\"elementor-widget-wrap elementor-element-populated\">\n\t\t\t\t\t\t\t\t<div class=\"elementor-element elementor-element-5e3c9b1 elementor-widget elementor-widget-text-editor\" data-id=\"5e3c9b1\" data-element_type=\"widget\" data-widget_type=\"text-editor.default\">\n\t\t\t\t<div class=\"elementor-widget-container\">\n\t\t\t\t\t\t\t<p><!--BeginFragment--><\/p><p>The term &quot;\u00a0<strong>Mongoloid<\/strong>\u00a0&quot; (or\u00a0<strong>Oriental<\/strong>, also\u00a0<strong>Mongolian<\/strong>) is a historical racial category used to describe people from East Asia and Southeast Asia. Its use comes from a variation of the word &quot;Mongolian,&quot; a people of East Asia who were considered one of its major proto-populations.<\/p><p>The Mongolian race is generally considered to contain two subtypes: Tunguse or Northern Mongol\u2026 and Southern Mongol \u201d. The inhabitants of East Asia are called Northern Mongoloids as opposed to the peoples of South Asia or Southeast Asia which are the Southern Mongoloids.<\/p>\t\t\t\t\t\t<\/div>\n\t\t\t\t<\/div>\n\t\t\t\t\t<\/div>\n\t\t<\/div>\n\t\t\t\t\t\t\t<\/div>\n\t\t<\/section>\n\t\t\t\t<section class=\"elementor-section elementor-top-section elementor-element elementor-element-2d111d0 elementor-section-boxed elementor-section-height-default elementor-section-height-default\" data-id=\"2d111d0\" data-element_type=\"section\">\n\t\t\t\t\t\t<div class=\"elementor-container elementor-column-gap-default\">\n\t\t\t\t\t<div class=\"elementor-column elementor-col-100 elementor-top-column elementor-element elementor-element-db38b02\" data-id=\"db38b02\" data-element_type=\"column\">\n\t\t\t<div class=\"elementor-widget-wrap elementor-element-populated\">\n\t\t\t\t\t\t\t\t<div class=\"elementor-element elementor-element-9238530 elementor-widget elementor-widget-image\" data-id=\"9238530\" data-element_type=\"widget\" data-widget_type=\"image.default\">\n\t\t\t\t<div class=\"elementor-widget-container\">\n\t\t\t\t\t\t\t\t\t\t\t\t<figure class=\"wp-caption\">\n\t\t\t\t\t\t\t\t\t\t<img loading=\"lazy\" decoding=\"async\" width=\"300\" height=\"455\" src=\"https:\/\/www.haitivision.ca\/wp-content\/uploads\/2020\/03\/Mongoloid.jpg\" class=\"attachment-large size-large wp-image-633\" alt=\"\" srcset=\"https:\/\/www.haitivision.ca\/wp-content\/uploads\/2020\/03\/Mongoloid.jpg 300w, https:\/\/www.haitivision.ca\/wp-content\/uploads\/2020\/03\/Mongoloid-198x300.jpg 198w\" sizes=\"auto, (max-width: 300px) 100vw, 300px\" \/>\t\t\t\t\t\t\t\t\t\t\t<figcaption class=\"widget-image-caption wp-caption-text\">Asian types represented in a book published in 1914.<\/figcaption>\n\t\t\t\t\t\t\t\t\t\t<\/figure>\n\t\t\t\t\t\t\t\t\t<\/div>\n\t\t\t\t<\/div>\n\t\t\t\t<div class=\"elementor-element elementor-element-086d255 elementor-widget elementor-widget-text-editor\" data-id=\"086d255\" data-element_type=\"widget\" data-widget_type=\"text-editor.default\">\n\t\t\t\t<div class=\"elementor-widget-container\">\n\t\t\t\t\t\t\t<p>Nowadays, terms such as Asia, East Asia, South East Asia which are more neutral seem more appropriate to describe the different groups of people living in Asia and who share certain easily identifiable physical characteristics. It should be noted that these classifications were and still are being developed mainly by researchers of European origin.<\/p>\t\t\t\t\t\t<\/div>\n\t\t\t\t<\/div>\n\t\t\t\t\t<\/div>\n\t\t<\/div>\n\t\t\t\t\t\t\t<\/div>\n\t\t<\/section>\n\t\t\t\t\t\t\t<\/div>","protected":false},"excerpt":{"rendered":"<p>Soci\u00e9t\u00e9 La notion et la d\u00e9finition des races ont chang\u00e9 avec le temps. Le dix-neuvi\u00e8me si\u00e8cle \u00e9tant la p\u00e9riode o\u00f9 la classification formelle a \u00e9merg\u00e9 et trois \u00a0\u00bb grands races \u00a0\u00bb ont \u00e9t\u00e9 reconnues sous les termes techniques de Negroid, Caucasoid et Mongolien. Race noire\u00a0ou auparavant officiellement t\u00a0il\u00a0Race n\u00e9gro\u00efde\u00a0est une cat\u00e9gorie raciale historique.\u00a0C&rsquo;\u00e9tait l&rsquo;une des [&hellip;]<\/p>","protected":false},"author":1,"featured_media":0,"parent":250,"menu_order":0,"comment_status":"closed","ping_status":"closed","template":"elementor_header_footer","meta":{"footnotes":""},"class_list":["post-609","page","type-page","status-publish","hentry"],"_links":{"self":[{"href":"https:\/\/www.haitivision.ca\/en\/wp-json\/wp\/v2\/pages\/609","targetHints":{"allow":["GET"]}}],"collection":[{"href":"https:\/\/www.haitivision.ca\/en\/wp-json\/wp\/v2\/pages"}],"about":[{"href":"https:\/\/www.haitivision.ca\/en\/wp-json\/wp\/v2\/types\/page"}],"author":[{"embeddable":true,"href":"https:\/\/www.haitivision.ca\/en\/wp-json\/wp\/v2\/users\/1"}],"replies":[{"embeddable":true,"href":"https:\/\/www.haitivision.ca\/en\/wp-json\/wp\/v2\/comments?post=609"}],"version-history":[{"count":26,"href":"https:\/\/www.haitivision.ca\/en\/wp-json\/wp\/v2\/pages\/609\/revisions"}],"predecessor-version":[{"id":5128,"href":"https:\/\/www.haitivision.ca\/en\/wp-json\/wp\/v2\/pages\/609\/revisions\/5128"}],"up":[{"embeddable":true,"href":"https:\/\/www.haitivision.ca\/en\/wp-json\/wp\/v2\/pages\/250"}],"wp:attachment":[{"href":"https:\/\/www.haitivision.ca\/en\/wp-json\/wp\/v2\/media?parent=609"}],"curies":[{"name":"wp","href":"https:\/\/api.w.org\/{rel}","templated":true}]}}