{"id":605,"date":"2020-03-13T00:08:11","date_gmt":"2020-03-13T00:08:11","guid":{"rendered":"http:\/\/www.haitivision.ca\/?page_id=605"},"modified":"2021-08-04T15:12:03","modified_gmt":"2021-08-04T19:12:03","slug":"definitions","status":"publish","type":"page","link":"https:\/\/www.haitivision.ca\/en\/references\/definitions\/","title":{"rendered":"Definitions"},"content":{"rendered":"<div data-elementor-type=\"wp-post\" data-elementor-id=\"605\" class=\"elementor elementor-605\" data-elementor-post-type=\"page\">\n\t\t\t\t\t\t\t\t\t<section class=\"elementor-section elementor-top-section elementor-element elementor-element-4591fb2 elementor-section-boxed elementor-section-height-default elementor-section-height-default\" data-id=\"4591fb2\" data-element_type=\"section\">\n\t\t\t\t\t\t<div class=\"elementor-container elementor-column-gap-default\">\n\t\t\t\t\t<div class=\"elementor-column elementor-col-100 elementor-top-column elementor-element elementor-element-a344f8f\" data-id=\"a344f8f\" data-element_type=\"column\">\n\t\t\t<div class=\"elementor-widget-wrap elementor-element-populated\">\n\t\t\t\t\t\t\t\t<div class=\"elementor-element elementor-element-64f6de6 elementor-widget elementor-widget-text-editor\" data-id=\"64f6de6\" data-element_type=\"widget\" data-widget_type=\"text-editor.default\">\n\t\t\t\t<div class=\"elementor-widget-container\">\n\t\t\t\t\t\t\t<h2><strong>Definitions<\/strong><\/h2>\t\t\t\t\t\t<\/div>\n\t\t\t\t<\/div>\n\t\t\t\t<div class=\"elementor-element elementor-element-d6ab2eb elementor-widget-divider--view-line elementor-widget elementor-widget-divider\" data-id=\"d6ab2eb\" data-element_type=\"widget\" data-widget_type=\"divider.default\">\n\t\t\t\t<div class=\"elementor-widget-container\">\n\t\t\t\t\t<div class=\"elementor-divider\">\n\t\t\t<span class=\"elementor-divider-separator\">\n\t\t\t\t\t\t<\/span>\n\t\t<\/div>\n\t\t\t\t<\/div>\n\t\t\t\t<\/div>\n\t\t\t\t<div class=\"elementor-element elementor-element-02396fc elementor-widget elementor-widget-text-editor\" data-id=\"02396fc\" data-element_type=\"widget\" data-widget_type=\"text-editor.default\">\n\t\t\t\t<div class=\"elementor-widget-container\">\n\t\t\t\t\t\t\t<p><strong>Western hemisphere<\/strong>\u00a0(American continent taken in the common sense) is a geographical term to identify the half of the terrestrial globe which is west of the meridian (crossing Greenwich in London, England), the other half being the eastern hemisphere.<\/p><p><b><img loading=\"lazy\" decoding=\"async\" class=\"wp-image-627 alignleft\" src=\"http:\/\/www.haitivision.ca\/wp-content\/uploads\/2020\/03\/250px-Western_Hemisphere_LamAz.png\" alt=\"\" width=\"230\" height=\"230\" srcset=\"https:\/\/www.haitivision.ca\/wp-content\/uploads\/2020\/03\/250px-Western_Hemisphere_LamAz.png 250w, https:\/\/www.haitivision.ca\/wp-content\/uploads\/2020\/03\/250px-Western_Hemisphere_LamAz-150x150.png 150w\" sizes=\"auto, (max-width: 230px) 100vw, 230px\" \/><\/b><\/p><p>It is also used to refer specifically to the Americas (or the New World) and adjacent waters, while excluding other territories that lie geographically within the hemisphere (parts of Africa, Europe, Antarctica and Asia); thus, it is sometimes called the American hemisphere.<\/p><p>Therefore, when someone says that Haiti is the poorest country in the Western Hemisphere, it means Haiti is the poorest country in the American continent. For example, Haiti is less poor than some African countries and Afghanistan. However, the lowest ranked country in the Americas (United Nations Human Development Index, 2007) was Nicaragua in 124th position against Haiti in 149th position. Haiti is therefore too below the average for its group. So, if Haiti was still last, but for example at the 127th position, it would be in line with our America group and close to Nicaragua at the 124th position.<sup>e<\/sup>\u00a0square.<\/p><p>Another benchmark is the 2009 GDP ranking. Haiti with 1300 US $ per year ranks 201st in the world against Nicaragua 168th in the world with 2800 US $ per year. Again, if Haiti&#039;s GDP were 2300 $ per year, the country would still occupy the last position in the Americas, but within its group its ranking would be close to the country just above in the list that is Nicaragua.<\/p><p>Another interesting fact is that Haiti continues to drop in the rankings. Note that in 2004, Haiti was ranked 122nd in the world with an annual GDP of 1600 US dollars and Nicaragua 116th with 2200 US $. Arrived in 2009, Nicaragua&#039;s GDP increased by 600 $ and Haiti&#039;s GDP decreased by 300 $. To put things in perspective on a positive note, it should be noted that any commercial tourism activity of a comparable level with the rest of the Caribbean (around an average of 3-4 million visitors per year) can easily add 1000 $ per year to the GDP of Haiti to bring it to 2300 $ US. Therefore, the public policy of the Haitian state is what keeps this country at the bottom of the barrel.<\/p>\t\t\t\t\t\t<\/div>\n\t\t\t\t<\/div>\n\t\t\t\t\t<\/div>\n\t\t<\/div>\n\t\t\t\t\t\t\t<\/div>\n\t\t<\/section>\n\t\t\t\t\t\t\t<\/div>","protected":false},"excerpt":{"rendered":"<p>D\u00e9finitions H\u00e9misph\u00e8re occidental\u00a0(continent am\u00e9ricain pris au sens commun) est un terme g\u00e9ographique pour identifier la moiti\u00e9 du globe terrestre qui se trouve \u00e0 l&rsquo;Ouest du m\u00e9ridien (traversant Greenwich \u00e0 Londres, Angleterre), l\u2019autre moiti\u00e9 \u00e9tant l&rsquo;h\u00e9misph\u00e8re orientale. Il est \u00e9galement utilis\u00e9 pour d\u00e9signer sp\u00e9cifiquement les Am\u00e9riques (ou le Nouveau Monde) et les eaux adjacentes, tout en [&hellip;]<\/p>","protected":false},"author":1,"featured_media":0,"parent":250,"menu_order":0,"comment_status":"closed","ping_status":"closed","template":"elementor_header_footer","meta":{"footnotes":""},"class_list":["post-605","page","type-page","status-publish","hentry"],"_links":{"self":[{"href":"https:\/\/www.haitivision.ca\/en\/wp-json\/wp\/v2\/pages\/605","targetHints":{"allow":["GET"]}}],"collection":[{"href":"https:\/\/www.haitivision.ca\/en\/wp-json\/wp\/v2\/pages"}],"about":[{"href":"https:\/\/www.haitivision.ca\/en\/wp-json\/wp\/v2\/types\/page"}],"author":[{"embeddable":true,"href":"https:\/\/www.haitivision.ca\/en\/wp-json\/wp\/v2\/users\/1"}],"replies":[{"embeddable":true,"href":"https:\/\/www.haitivision.ca\/en\/wp-json\/wp\/v2\/comments?post=605"}],"version-history":[{"count":40,"href":"https:\/\/www.haitivision.ca\/en\/wp-json\/wp\/v2\/pages\/605\/revisions"}],"predecessor-version":[{"id":5714,"href":"https:\/\/www.haitivision.ca\/en\/wp-json\/wp\/v2\/pages\/605\/revisions\/5714"}],"up":[{"embeddable":true,"href":"https:\/\/www.haitivision.ca\/en\/wp-json\/wp\/v2\/pages\/250"}],"wp:attachment":[{"href":"https:\/\/www.haitivision.ca\/en\/wp-json\/wp\/v2\/media?parent=605"}],"curies":[{"name":"wp","href":"https:\/\/api.w.org\/{rel}","templated":true}]}}