{"id":507,"date":"2020-03-12T15:34:46","date_gmt":"2020-03-12T15:34:46","guid":{"rendered":"http:\/\/www.haitivision.ca\/?page_id=507"},"modified":"2021-08-04T07:39:04","modified_gmt":"2021-08-04T11:39:04","slug":"proverbes","status":"publish","type":"page","link":"https:\/\/www.haitivision.ca\/en\/culture\/proverbes\/","title":{"rendered":"Proverbs"},"content":{"rendered":"<div data-elementor-type=\"wp-post\" data-elementor-id=\"507\" class=\"elementor elementor-507\" data-elementor-post-type=\"page\">\n\t\t\t\t\t\t\t\t\t<section class=\"elementor-section elementor-top-section elementor-element elementor-element-6830e7f elementor-section-boxed elementor-section-height-default elementor-section-height-default\" data-id=\"6830e7f\" data-element_type=\"section\">\n\t\t\t\t\t\t<div class=\"elementor-container elementor-column-gap-default\">\n\t\t\t\t\t<div class=\"elementor-column elementor-col-100 elementor-top-column elementor-element elementor-element-40542a9\" data-id=\"40542a9\" data-element_type=\"column\">\n\t\t\t<div class=\"elementor-widget-wrap elementor-element-populated\">\n\t\t\t\t\t\t\t\t<div class=\"elementor-element elementor-element-cd7ff69 elementor-widget elementor-widget-text-editor\" data-id=\"cd7ff69\" data-element_type=\"widget\" data-widget_type=\"text-editor.default\">\n\t\t\t\t<div class=\"elementor-widget-container\">\n\t\t\t\t\t\t\t<h3><span style=\"color: #333333;\"><strong>Proverbs<\/strong><\/span><\/h3>\t\t\t\t\t\t<\/div>\n\t\t\t\t<\/div>\n\t\t\t\t<div class=\"elementor-element elementor-element-c538301 elementor-widget-divider--view-line elementor-widget elementor-widget-divider\" data-id=\"c538301\" data-element_type=\"widget\" data-widget_type=\"divider.default\">\n\t\t\t\t<div class=\"elementor-widget-container\">\n\t\t\t\t\t<div class=\"elementor-divider\">\n\t\t\t<span class=\"elementor-divider-separator\">\n\t\t\t\t\t\t<\/span>\n\t\t<\/div>\n\t\t\t\t<\/div>\n\t\t\t\t<\/div>\n\t\t\t\t<div class=\"elementor-element elementor-element-0319c1c elementor-widget elementor-widget-text-editor\" data-id=\"0319c1c\" data-element_type=\"widget\" data-widget_type=\"text-editor.default\">\n\t\t\t\t<div class=\"elementor-widget-container\">\n\t\t\t\t\t\t\t<p><strong>Selections from Africa<\/strong><\/p>\t\t\t\t\t\t<\/div>\n\t\t\t\t<\/div>\n\t\t\t\t\t<\/div>\n\t\t<\/div>\n\t\t\t\t\t\t\t<\/div>\n\t\t<\/section>\n\t\t\t\t<section class=\"elementor-section elementor-top-section elementor-element elementor-element-05ae64d elementor-section-boxed elementor-section-height-default elementor-section-height-default\" data-id=\"05ae64d\" data-element_type=\"section\">\n\t\t\t\t\t\t<div class=\"elementor-container elementor-column-gap-default\">\n\t\t\t\t\t<div class=\"elementor-column elementor-col-100 elementor-top-column elementor-element elementor-element-4e06033\" data-id=\"4e06033\" data-element_type=\"column\">\n\t\t\t<div class=\"elementor-widget-wrap elementor-element-populated\">\n\t\t\t\t\t\t\t\t<div class=\"elementor-element elementor-element-ba62af2 elementor-widget elementor-widget-text-editor\" data-id=\"ba62af2\" data-element_type=\"widget\" data-widget_type=\"text-editor.default\">\n\t\t\t\t<div class=\"elementor-widget-container\">\n\t\t\t\t\t\t\t<ul><li>As high as a bird flies, this is where it ends up landing<\/li><li>It is with the water of the body that we draw water from the well<\/li><li>What the old sees sitting, the young does not see standing<\/li><\/ul>\t\t\t\t\t\t<\/div>\n\t\t\t\t<\/div>\n\t\t\t\t<div class=\"elementor-element elementor-element-8445f99 elementor-widget-divider--view-line elementor-widget elementor-widget-divider\" data-id=\"8445f99\" data-element_type=\"widget\" data-widget_type=\"divider.default\">\n\t\t\t\t<div class=\"elementor-widget-container\">\n\t\t\t\t\t<div class=\"elementor-divider\">\n\t\t\t<span class=\"elementor-divider-separator\">\n\t\t\t\t\t\t<\/span>\n\t\t<\/div>\n\t\t\t\t<\/div>\n\t\t\t\t<\/div>\n\t\t\t\t\t<\/div>\n\t\t<\/div>\n\t\t\t\t\t\t\t<\/div>\n\t\t<\/section>\n\t\t\t\t<section class=\"elementor-section elementor-top-section elementor-element elementor-element-514469b elementor-section-boxed elementor-section-height-default elementor-section-height-default\" data-id=\"514469b\" data-element_type=\"section\">\n\t\t\t\t\t\t<div class=\"elementor-container elementor-column-gap-default\">\n\t\t\t\t\t<div class=\"elementor-column elementor-col-100 elementor-top-column elementor-element elementor-element-5d66cc4\" data-id=\"5d66cc4\" data-element_type=\"column\">\n\t\t\t<div class=\"elementor-widget-wrap elementor-element-populated\">\n\t\t\t\t\t\t\t\t<div class=\"elementor-element elementor-element-bb07d16 elementor-widget elementor-widget-text-editor\" data-id=\"bb07d16\" data-element_type=\"widget\" data-widget_type=\"text-editor.default\">\n\t\t\t\t<div class=\"elementor-widget-container\">\n\t\t\t\t\t\t\t<h4><strong>Haitian Selections\u00a0<\/strong><\/h4>\t\t\t\t\t\t<\/div>\n\t\t\t\t<\/div>\n\t\t\t\t\t<\/div>\n\t\t<\/div>\n\t\t\t\t\t\t\t<\/div>\n\t\t<\/section>\n\t\t\t\t<section class=\"elementor-section elementor-top-section elementor-element elementor-element-58d8b05 elementor-section-boxed elementor-section-height-default elementor-section-height-default\" data-id=\"58d8b05\" data-element_type=\"section\">\n\t\t\t\t\t\t<div class=\"elementor-container elementor-column-gap-default\">\n\t\t\t\t\t<div class=\"elementor-column elementor-col-100 elementor-top-column elementor-element elementor-element-c209f99\" data-id=\"c209f99\" data-element_type=\"column\">\n\t\t\t<div class=\"elementor-widget-wrap elementor-element-populated\">\n\t\t\t\t\t\t\t\t<section class=\"elementor-section elementor-inner-section elementor-element elementor-element-93ebaa0 elementor-section-boxed elementor-section-height-default elementor-section-height-default\" data-id=\"93ebaa0\" data-element_type=\"section\">\n\t\t\t\t\t\t<div class=\"elementor-container elementor-column-gap-default\">\n\t\t\t\t\t<div class=\"elementor-column elementor-col-50 elementor-inner-column elementor-element elementor-element-619373b\" data-id=\"619373b\" data-element_type=\"column\">\n\t\t\t<div class=\"elementor-widget-wrap elementor-element-populated\">\n\t\t\t\t\t\t\t\t<div class=\"elementor-element elementor-element-fe9a5d6 elementor-widget elementor-widget-text-editor\" data-id=\"fe9a5d6\" data-element_type=\"widget\" data-widget_type=\"text-editor.default\">\n\t\t\t\t<div class=\"elementor-widget-container\">\n\t\t\t\t\t\t\t<ol>\n<li>Adobe gay\u00e9 pa kimen<\/li>\n<li>Rammed earth marengwen ogmant\u00e9 larivi\u00e8<\/li>\n<li>Bay kou bliye pot\u00e9 mak sonj\u00e9<\/li>\n<li>Bel fanmm bel mal\u00e8<\/li>\n<li>Int\u00e8lijan tricked up bon\u00e8<\/li>\n<li>Kapon viv lontan<\/li>\n<li>Pig konnen sou ki bwa pou&#039;l rubbed<\/li>\n<li>Lagu\u00e8 av\u00e8ti pa killed kokob\u00e9<\/li>\n<li>S\u00e9 l\u00e8 pi\u00e9 bwa tonb\u00e9 kabrit mounted&#039;l<\/li>\n<li>Ti chen gen f\u00f2s devan kay met li<\/li>\n<li>S\u00e9 bon k\u00e8 krapo ki f\u00e8&#039;l san t\u00e8t<\/li>\n<li>Makak pa jam kou\u00e8 pitit li l\u00e8d<\/li>\n<li>Baton ki bat chen nwa, s\u00e9 li kit bat chen blan an<\/li>\n<li>Manman pa janm mod\u00e9 pitit li nan zo<\/li>\n<li>Mand\u00e9 chemen pa di p\u00e8di pou sa<\/li>\n<li>Tambou fouy\u00e9 nan bwa, s\u00e9 lakay li vi&#039;n bat<\/li>\n<li>Men ki kenb\u00e9 kiy\u00e8 bwa&#039;a s\u00e9 li ki pran chal\u00e8<\/li>\n<li>Machandiz ofri pa gen pri<\/li>\n<li>Si ou renmen grenn nan, s\u00e9 pou&#039;w renmen po&#039;a<\/li>\n<li>B\u00f2k\u00f2 ba&#039;w pouen li pa di&#039;ou domi nan kafou<\/li>\n<li>Tr\u00f2p grat\u00e9 fouy\u00e9 kouiy<\/li>\n<li>S\u00e9 k\u00f2lon ki bat<\/li>\n<li>Depi nan ginen n\u00e8g rai n\u00e8g<\/li>\n<li>Manti pa fon hole<\/li>\n<li>All bourik ranni nan paturaj or<\/li>\n<li>Kabrit gen pluzi\u00e8 m\u00e8t, li domi nan sol\u00e8y<\/li>\n<\/ol>\t\t\t\t\t\t<\/div>\n\t\t\t\t<\/div>\n\t\t\t\t\t<\/div>\n\t\t<\/div>\n\t\t\t\t<div class=\"elementor-column elementor-col-50 elementor-inner-column elementor-element elementor-element-2ea3179\" data-id=\"2ea3179\" data-element_type=\"column\">\n\t\t\t<div class=\"elementor-widget-wrap elementor-element-populated\">\n\t\t\t\t\t\t\t\t<div class=\"elementor-element elementor-element-221782b elementor-widget elementor-widget-text-editor\" data-id=\"221782b\" data-element_type=\"widget\" data-widget_type=\"text-editor.default\">\n\t\t\t\t<div class=\"elementor-widget-container\">\n\t\t\t\t\t\t\t<ol><li>Pee that spreads does not foam. Meaning: You have to stay focused on any project to be successful.<\/li><li>The mosquito pee increases the flow of the river. Meaning: Any contribution whatsoever can help a cause a buyer loses\u00a0<\/li><li>Hitting without leaving a trace is forgotten, but a scar recalls. Meaning: One remembers a wrongdoing, the consequences of which are visible.<\/li><li>Beautiful beautiful problem woman. Meaning: Beauty in women leads to problems and headaches.<\/li><li>Intelligence deceives the early bird. Meaning: Being smart and cunning will surpass planning.<\/li><li>Cowards live a long time. Meaning: Being careful and taking limited risks will allow a person to live longer or survive longer.<\/li><li>A pig knows which tree to scratch its body on. Meaning: A person should be aware of what works for them and what can cause them problems.<\/li><li>An announced war does not kill a disabled person. Meaning: A person who is forewarned about something can prepare and avoid the bad fallout associated with it.<\/li><li>It&#039;s when a tree falls that goats can climb on it. Meaning: It is when a person is weak and out of his normal status that he can be dominated by a weaker person.<\/li><li>A small dog is strong in front of its owner&#039;s house. Meaning: A weak person is only strong in their own protected environment and support network.<\/li><li>It is the frog&#039;s good heart that makes it headless. Meaning: When you are too generous, you end up impoverishing yourself or hurting your own interests or not meeting your own needs.<\/li><li>A monkey never thinks his children are ugly.<\/li><li>The stick that beats the black dog is the one that beats the white.<\/li><li>A mother never bites her children to the bone.<\/li><li>Asking for direction does not mean that you are lost for it.<\/li><li>The drum is built in the forest, but it beats in the house.<\/li><li>The hand that holds the spoon is the one that feels the heat<\/li><li style=\"text-align: left;\">The goods we offer ourselves to a potential buyer lose their value.<\/li><li>If you like the inside of the fruit, you must also like its skin.<\/li><li>The voodoo priest gives you protection, but does not suggest that you sleep in a public intersection.<\/li><li>By rubbing a bowl too much, you end up piercing it.<\/li><li>The groups win.<\/li><li>From Guinea, blacks hate blacks.<\/li><li>The hole where a lie lodges is not deep.<\/li><li>Let all the donkeys bray in their pasture.<\/li><li>The goat with several owners sleeps under the sun.<\/li><\/ol>\t\t\t\t\t\t<\/div>\n\t\t\t\t<\/div>\n\t\t\t\t\t<\/div>\n\t\t<\/div>\n\t\t\t\t\t\t\t<\/div>\n\t\t<\/section>\n\t\t\t\t\t<\/div>\n\t\t<\/div>\n\t\t\t\t\t\t\t<\/div>\n\t\t<\/section>\n\t\t\t\t\t\t\t<\/div>","protected":false},"excerpt":{"rendered":"<p>Proverbes S\u00e9lections d&rsquo;Afrique Aussi haut qu&rsquo;un oiseau vole, c&rsquo;est l\u00e0 qu&rsquo;il finit par se poser C&rsquo;est avec l&rsquo;eau du corps qu&rsquo;on tire l&rsquo;eau du puits Ce que le vieux voit assis, le jeune ne le voit pas debout Haitian Selections\u00a0 Pis\u00e9 gay\u00e9 pa kimen Pis\u00e9 marengwen ogmant\u00e9 larivi\u00e8 Bay kou bliye pot\u00e9 mak sonj\u00e9 Bel [&hellip;]<\/p>","protected":false},"author":1,"featured_media":0,"parent":150,"menu_order":0,"comment_status":"closed","ping_status":"closed","template":"elementor_header_footer","meta":{"footnotes":""},"class_list":["post-507","page","type-page","status-publish","hentry"],"_links":{"self":[{"href":"https:\/\/www.haitivision.ca\/en\/wp-json\/wp\/v2\/pages\/507","targetHints":{"allow":["GET"]}}],"collection":[{"href":"https:\/\/www.haitivision.ca\/en\/wp-json\/wp\/v2\/pages"}],"about":[{"href":"https:\/\/www.haitivision.ca\/en\/wp-json\/wp\/v2\/types\/page"}],"author":[{"embeddable":true,"href":"https:\/\/www.haitivision.ca\/en\/wp-json\/wp\/v2\/users\/1"}],"replies":[{"embeddable":true,"href":"https:\/\/www.haitivision.ca\/en\/wp-json\/wp\/v2\/comments?post=507"}],"version-history":[{"count":81,"href":"https:\/\/www.haitivision.ca\/en\/wp-json\/wp\/v2\/pages\/507\/revisions"}],"predecessor-version":[{"id":5632,"href":"https:\/\/www.haitivision.ca\/en\/wp-json\/wp\/v2\/pages\/507\/revisions\/5632"}],"up":[{"embeddable":true,"href":"https:\/\/www.haitivision.ca\/en\/wp-json\/wp\/v2\/pages\/150"}],"wp:attachment":[{"href":"https:\/\/www.haitivision.ca\/en\/wp-json\/wp\/v2\/media?parent=507"}],"curies":[{"name":"wp","href":"https:\/\/api.w.org\/{rel}","templated":true}]}}