{"id":4433,"date":"2021-01-19T12:21:55","date_gmt":"2021-01-19T12:21:55","guid":{"rendered":"http:\/\/www.haitivision.ca\/?page_id=4433"},"modified":"2021-08-03T09:59:15","modified_gmt":"2021-08-03T13:59:15","slug":"elections-2010","status":"publish","type":"page","link":"https:\/\/www.haitivision.ca\/en\/elections-2010\/","title":{"rendered":"2010 Elections"},"content":{"rendered":"<div data-elementor-type=\"wp-page\" data-elementor-id=\"4433\" class=\"elementor elementor-4433\" data-elementor-post-type=\"page\">\n\t\t\t\t\t\t\t\t\t<section class=\"elementor-section elementor-top-section elementor-element elementor-element-41fb6c1 elementor-section-boxed elementor-section-height-default elementor-section-height-default\" data-id=\"41fb6c1\" data-element_type=\"section\">\n\t\t\t\t\t\t<div class=\"elementor-container elementor-column-gap-default\">\n\t\t\t\t\t<div class=\"elementor-column elementor-col-100 elementor-top-column elementor-element elementor-element-6a24e38\" data-id=\"6a24e38\" data-element_type=\"column\">\n\t\t\t<div class=\"elementor-widget-wrap elementor-element-populated\">\n\t\t\t\t\t\t\t\t<div class=\"elementor-element elementor-element-7a403d5 elementor-widget elementor-widget-text-editor\" data-id=\"7a403d5\" data-element_type=\"widget\" data-widget_type=\"text-editor.default\">\n\t\t\t\t<div class=\"elementor-widget-container\">\n\t\t\t\t\t\t\t<h4>2010 Elections<\/h4>\t\t\t\t\t\t<\/div>\n\t\t\t\t<\/div>\n\t\t\t\t<div class=\"elementor-element elementor-element-cdbeaa5 elementor-widget-divider--view-line elementor-widget elementor-widget-divider\" data-id=\"cdbeaa5\" data-element_type=\"widget\" data-widget_type=\"divider.default\">\n\t\t\t\t<div class=\"elementor-widget-container\">\n\t\t\t\t\t<div class=\"elementor-divider\">\n\t\t\t<span class=\"elementor-divider-separator\">\n\t\t\t\t\t\t<\/span>\n\t\t<\/div>\n\t\t\t\t<\/div>\n\t\t\t\t<\/div>\n\t\t\t\t<div class=\"elementor-element elementor-element-8784455 elementor-widget elementor-widget-text-editor\" data-id=\"8784455\" data-element_type=\"widget\" data-widget_type=\"text-editor.default\">\n\t\t\t\t<div class=\"elementor-widget-container\">\n\t\t\t\t\t\t\t<p style=\"font-weight: 400;\"><span style=\"text-decoration: underline;\"><strong>News<\/strong><\/span><\/p><p><strong>Final Results <\/strong>Ms. Manigat 23%, Michel Martelly, 43.0%;<\/p><p><strong>Preliminary General Results\u00a0<\/strong><\/p><p>Mrs. Manigat 31%,<\/p><p>Michel Martelly, 23,0%;<\/p><p>Jude C\u00e9lestin, 20,0%;<\/p><p>********************<\/p><p><strong>3rd survey of November 11, 2010:<\/strong><\/p><p>Mrs. Manigat, 30,3%;<\/p><p>Jude C\u00e9lestin, 21,7%;<\/p><p>Michel Martelly, 10,8%;<\/p><p>Henry Ceant, 8,3%<\/p><p>Charles Baker, 7,0%;<\/p><p>Jacques Alexis, 5.8%.<\/p><p><strong>2nd survey of October 24, 2010:<\/strong><\/p><p>Ms. Manigat, 23,1%; Jude C\u00e9lestin, 21.3%; Michel Martelly, 9.7%; Charles Baker, 8.7%; Jacques alexis, 8.1%; Henry Cenat, 7.3%.<\/p><p><strong>1st survey from the beginning of November 2010:<\/strong><\/p><p>23.1% for Mrs. Manigat, 17.3% for Henry Baker, 17.1% for Michel Martelly, 8.1% for Jacques Alexis, 7.8% for Chavannes Jeune and 7.8% for Jude C\u00e9lestin.<\/p><p>The other 16 candidates are all below the 2.1% level.<\/p><p>The first three opinion polls before the 2010 elections were conducted by the Haitian private sector. The Bureau of Research in Computer Science and Economic Development (Brides) used a sample of approximately 6,000 people, spread across different regions of the country.<\/p><p><em>None of the top 6 candidates were able to pull ahead or be the leader in all departments.<\/em><\/p>\t\t\t\t\t\t<\/div>\n\t\t\t\t<\/div>\n\t\t\t\t\t<\/div>\n\t\t<\/div>\n\t\t\t\t\t\t\t<\/div>\n\t\t<\/section>\n\t\t\t\t\t\t\t<\/div>","protected":false},"excerpt":{"rendered":"<p>\u00c9lections de 2010 Nouvelles R\u00e9sultats Finaux Mme. Manigat 23%, Michel Martelly, 43,0%; R\u00e9sultats G\u00e9n\u00e9raux Pr\u00e9liminaires\u00a0 Mme. Manigat 31%, Michel Martelly, 23,0%; Jude C\u00e9lestin, 20,0%; ******************** 3e sondage du 11 nov 2010: Mme. Manigat, 30,3%; Jude C\u00e9lestin, 21,7%; Michel Martelly, 10,8%; Henry Ceant, 8,3% Charles Baker, 7,0%; Jacques Alexis, 5,8%. 2e sondage du 24 oct 2010: [&hellip;]<\/p>","protected":false},"author":1,"featured_media":0,"parent":0,"menu_order":0,"comment_status":"closed","ping_status":"closed","template":"","meta":{"footnotes":""},"class_list":["post-4433","page","type-page","status-publish","hentry"],"_links":{"self":[{"href":"https:\/\/www.haitivision.ca\/en\/wp-json\/wp\/v2\/pages\/4433","targetHints":{"allow":["GET"]}}],"collection":[{"href":"https:\/\/www.haitivision.ca\/en\/wp-json\/wp\/v2\/pages"}],"about":[{"href":"https:\/\/www.haitivision.ca\/en\/wp-json\/wp\/v2\/types\/page"}],"author":[{"embeddable":true,"href":"https:\/\/www.haitivision.ca\/en\/wp-json\/wp\/v2\/users\/1"}],"replies":[{"embeddable":true,"href":"https:\/\/www.haitivision.ca\/en\/wp-json\/wp\/v2\/comments?post=4433"}],"version-history":[{"count":21,"href":"https:\/\/www.haitivision.ca\/en\/wp-json\/wp\/v2\/pages\/4433\/revisions"}],"predecessor-version":[{"id":5614,"href":"https:\/\/www.haitivision.ca\/en\/wp-json\/wp\/v2\/pages\/4433\/revisions\/5614"}],"wp:attachment":[{"href":"https:\/\/www.haitivision.ca\/en\/wp-json\/wp\/v2\/media?parent=4433"}],"curies":[{"name":"wp","href":"https:\/\/api.w.org\/{rel}","templated":true}]}}