{"id":3938,"date":"2021-01-02T14:07:08","date_gmt":"2021-01-02T14:07:08","guid":{"rendered":"http:\/\/www.haitivision.ca\/?page_id=3938"},"modified":"2023-11-28T06:09:26","modified_gmt":"2023-11-28T11:09:26","slug":"esclavage","status":"publish","type":"page","link":"https:\/\/www.haitivision.ca\/en\/dossiers\/esclavage\/","title":{"rendered":"Slavery"},"content":{"rendered":"<div data-elementor-type=\"wp-page\" data-elementor-id=\"3938\" class=\"elementor elementor-3938\" data-elementor-post-type=\"page\">\n\t\t\t\t\t\t\t\t\t<section class=\"elementor-section elementor-top-section elementor-element elementor-element-47ccdd6 elementor-section-boxed elementor-section-height-default elementor-section-height-default\" data-id=\"47ccdd6\" data-element_type=\"section\">\n\t\t\t\t\t\t<div class=\"elementor-container elementor-column-gap-default\">\n\t\t\t\t\t<div class=\"elementor-column elementor-col-100 elementor-top-column elementor-element elementor-element-a948e22\" data-id=\"a948e22\" data-element_type=\"column\">\n\t\t\t<div class=\"elementor-widget-wrap elementor-element-populated\">\n\t\t\t\t\t\t\t\t<div class=\"elementor-element elementor-element-0a0d0c0 elementor-widget elementor-widget-text-editor\" data-id=\"0a0d0c0\" data-element_type=\"widget\" data-widget_type=\"text-editor.default\">\n\t\t\t\t<div class=\"elementor-widget-container\">\n\t\t\t\t\t\t\t<h2><strong>Transatlantic genocide<\/strong><\/h2>\t\t\t\t\t\t<\/div>\n\t\t\t\t<\/div>\n\t\t\t\t<div class=\"elementor-element elementor-element-d708786 elementor-widget-divider--view-line elementor-widget elementor-widget-divider\" data-id=\"d708786\" data-element_type=\"widget\" data-widget_type=\"divider.default\">\n\t\t\t\t<div class=\"elementor-widget-container\">\n\t\t\t\t\t<div class=\"elementor-divider\">\n\t\t\t<span class=\"elementor-divider-separator\">\n\t\t\t\t\t\t<\/span>\n\t\t<\/div>\n\t\t\t\t<\/div>\n\t\t\t\t<\/div>\n\t\t\t\t\t<\/div>\n\t\t<\/div>\n\t\t\t\t\t\t\t<\/div>\n\t\t<\/section>\n\t\t\t\t<section class=\"elementor-section elementor-top-section elementor-element elementor-element-aab90fb elementor-section-boxed elementor-section-height-default elementor-section-height-default\" data-id=\"aab90fb\" data-element_type=\"section\">\n\t\t\t\t\t\t<div class=\"elementor-container elementor-column-gap-default\">\n\t\t\t\t\t<div class=\"elementor-column elementor-col-100 elementor-top-column elementor-element elementor-element-6fac9bc\" data-id=\"6fac9bc\" data-element_type=\"column\">\n\t\t\t<div class=\"elementor-widget-wrap elementor-element-populated\">\n\t\t\t\t\t\t\t\t<div class=\"elementor-element elementor-element-04ccc58 elementor-widget elementor-widget-text-editor\" data-id=\"04ccc58\" data-element_type=\"widget\" data-widget_type=\"text-editor.default\">\n\t\t\t\t<div class=\"elementor-widget-container\">\n\t\t\t\t\t\t\t<h4><strong>Slavery\u00a0<\/strong><\/h4><p>Is it possible to be Caribbean especially Black Caribbean and not talk about slavery? After all, it may only be 150 years since these events happened. By comparison, Jews were freed from Egyptian slavery around 3,450 years ago and they still talk about it.<\/p><p>This experience shaped and still influences this people. So we have to put aside, the argument of some that we should not mention this tragedy again, because somehow it might no longer be relevant. It is irrelevant to cry about this; the time for mourning has passed. It is irrelevant to bemoan this point; the need for lamentation has long since disappeared. This past tragedy is no longer a valid argument to justify our failures; the time to apologize for the failures present has evaporated.\u00a0<\/p><p>However, it is of paramount importance not only to remember what has been reported that happened, but to know and understand what really happened. There is a huge difference between the two levels.<\/p><p><em>More content to come.<\/em><\/p>\t\t\t\t\t\t<\/div>\n\t\t\t\t<\/div>\n\t\t\t\t\t<\/div>\n\t\t<\/div>\n\t\t\t\t\t\t\t<\/div>\n\t\t<\/section>\n\t\t\t\t\t\t\t<\/div>","protected":false},"excerpt":{"rendered":"<p>G\u00e9nocide transatlantique Esclavage\u00a0 Est-il possible d&rsquo;\u00eatre Carib\u00e9ens en particulier Carib\u00e9ens de race noire et de ne pas parler de l&rsquo;esclavage ? Apr\u00e8s tout, cela ne fait peut-\u00eatre que 150 ans que ces \u00e9v\u00e9nements se sont produits. En comparaison, les Juifs ont \u00e9t\u00e9 lib\u00e9r\u00e9s de l&rsquo;esclavage \u00e9gyptien il y a environ 3450 ans et ils en [&hellip;]<\/p>","protected":false},"author":1,"featured_media":0,"parent":2379,"menu_order":0,"comment_status":"closed","ping_status":"closed","template":"","meta":{"footnotes":""},"class_list":["post-3938","page","type-page","status-publish","hentry"],"_links":{"self":[{"href":"https:\/\/www.haitivision.ca\/en\/wp-json\/wp\/v2\/pages\/3938","targetHints":{"allow":["GET"]}}],"collection":[{"href":"https:\/\/www.haitivision.ca\/en\/wp-json\/wp\/v2\/pages"}],"about":[{"href":"https:\/\/www.haitivision.ca\/en\/wp-json\/wp\/v2\/types\/page"}],"author":[{"embeddable":true,"href":"https:\/\/www.haitivision.ca\/en\/wp-json\/wp\/v2\/users\/1"}],"replies":[{"embeddable":true,"href":"https:\/\/www.haitivision.ca\/en\/wp-json\/wp\/v2\/comments?post=3938"}],"version-history":[{"count":35,"href":"https:\/\/www.haitivision.ca\/en\/wp-json\/wp\/v2\/pages\/3938\/revisions"}],"predecessor-version":[{"id":5552,"href":"https:\/\/www.haitivision.ca\/en\/wp-json\/wp\/v2\/pages\/3938\/revisions\/5552"}],"up":[{"embeddable":true,"href":"https:\/\/www.haitivision.ca\/en\/wp-json\/wp\/v2\/pages\/2379"}],"wp:attachment":[{"href":"https:\/\/www.haitivision.ca\/en\/wp-json\/wp\/v2\/media?parent=3938"}],"curies":[{"name":"wp","href":"https:\/\/api.w.org\/{rel}","templated":true}]}}