{"id":2720,"date":"2020-12-28T15:21:28","date_gmt":"2020-12-28T15:21:28","guid":{"rendered":"http:\/\/www.haitivision.ca\/?page_id=2720"},"modified":"2021-08-03T08:09:37","modified_gmt":"2021-08-03T12:09:37","slug":"politique","status":"publish","type":"page","link":"https:\/\/www.haitivision.ca\/en\/references\/politique\/","title":{"rendered":"Policy"},"content":{"rendered":"<div data-elementor-type=\"wp-page\" data-elementor-id=\"2720\" class=\"elementor elementor-2720\" data-elementor-post-type=\"page\">\n\t\t\t\t\t\t\t\t\t<section class=\"elementor-section elementor-top-section elementor-element elementor-element-1545731 elementor-section-boxed elementor-section-height-default elementor-section-height-default\" data-id=\"1545731\" data-element_type=\"section\">\n\t\t\t\t\t\t<div class=\"elementor-container elementor-column-gap-default\">\n\t\t\t\t\t<div class=\"elementor-column elementor-col-100 elementor-top-column elementor-element elementor-element-9c21dd4\" data-id=\"9c21dd4\" data-element_type=\"column\">\n\t\t\t<div class=\"elementor-widget-wrap elementor-element-populated\">\n\t\t\t\t\t\t\t\t<div class=\"elementor-element elementor-element-08acb67 elementor-widget elementor-widget-text-editor\" data-id=\"08acb67\" data-element_type=\"widget\" data-widget_type=\"text-editor.default\">\n\t\t\t\t<div class=\"elementor-widget-container\">\n\t\t\t\t\t\t\t<h2><strong>Policy<\/strong><\/h2>\t\t\t\t\t\t<\/div>\n\t\t\t\t<\/div>\n\t\t\t\t<div class=\"elementor-element elementor-element-e0c71ad elementor-widget-divider--view-line elementor-widget elementor-widget-divider\" data-id=\"e0c71ad\" data-element_type=\"widget\" data-widget_type=\"divider.default\">\n\t\t\t\t<div class=\"elementor-widget-container\">\n\t\t\t\t\t<div class=\"elementor-divider\">\n\t\t\t<span class=\"elementor-divider-separator\">\n\t\t\t\t\t\t<\/span>\n\t\t<\/div>\n\t\t\t\t<\/div>\n\t\t\t\t<\/div>\n\t\t\t\t\t<\/div>\n\t\t<\/div>\n\t\t\t\t\t\t\t<\/div>\n\t\t<\/section>\n\t\t\t\t<section class=\"elementor-section elementor-top-section elementor-element elementor-element-b1683b9 elementor-section-boxed elementor-section-height-default elementor-section-height-default\" data-id=\"b1683b9\" data-element_type=\"section\">\n\t\t\t\t\t\t<div class=\"elementor-container elementor-column-gap-default\">\n\t\t\t\t\t<div class=\"elementor-column elementor-col-100 elementor-top-column elementor-element elementor-element-6801507\" data-id=\"6801507\" data-element_type=\"column\">\n\t\t\t<div class=\"elementor-widget-wrap elementor-element-populated\">\n\t\t\t\t\t\t\t\t<div class=\"elementor-element elementor-element-6222e77 elementor-widget elementor-widget-text-editor\" data-id=\"6222e77\" data-element_type=\"widget\" data-widget_type=\"text-editor.default\">\n\t\t\t\t<div class=\"elementor-widget-container\">\n\t\t\t\t\t\t\t<h3><strong>Articles of interest on Haiti<\/strong><\/h3>\t\t\t\t\t\t<\/div>\n\t\t\t\t<\/div>\n\t\t\t\t\t<\/div>\n\t\t<\/div>\n\t\t\t\t\t\t\t<\/div>\n\t\t<\/section>\n\t\t\t\t<section class=\"elementor-section elementor-top-section elementor-element elementor-element-1018943 elementor-section-boxed elementor-section-height-default elementor-section-height-default\" data-id=\"1018943\" data-element_type=\"section\">\n\t\t\t\t\t\t<div class=\"elementor-container elementor-column-gap-default\">\n\t\t\t\t\t<div class=\"elementor-column elementor-col-100 elementor-top-column elementor-element elementor-element-6090082\" data-id=\"6090082\" data-element_type=\"column\">\n\t\t\t<div class=\"elementor-widget-wrap elementor-element-populated\">\n\t\t\t\t\t\t\t\t<div class=\"elementor-element elementor-element-5dd7525 elementor-widget elementor-widget-text-editor\" data-id=\"5dd7525\" data-element_type=\"widget\" data-widget_type=\"text-editor.default\">\n\t\t\t\t<div class=\"elementor-widget-container\">\n\t\t\t\t\t\t\t<h5><strong>Archives of international articles of interest on Haiti<\/strong><\/h5><p><em><strong>Common perception among foreigners regarding Haitian society<\/strong><\/em><\/p><p><span style=\"text-decoration: underline;\"><strong>Agnes Gruda<\/strong><\/span><br \/>The Press (01\/25\/2010)<\/p><p>The Haitian government is too weak to manage the country&#039;s reconstruction alone, says Paul Collier, a former advisor to the UN Secretary-General on Haiti. This economist, who last year authored a major report on Haiti, believes that last week&#039;s disaster could provide an opportunity for a new beginning. But on certain conditions. Among them: establishing a kind of government co-managed with donor countries and international organizations, to make the crucial decisions of the next two or three years.<\/p><p><span style=\"text-decoration: underline;\"><strong>Patrick Lagac\u00e9<\/strong><\/span><br \/>The Press (01\/30\/2010)<\/p><p>I&#039;m tired of Haiti&#039;s charades. Everyone in this country is bullshitting. The state, the politicians, the Haitians, the journalists\u2014those from here and elsewhere\u2014the proverbial international community, the aid workers. It starts with your taxi driver and continues with the rest. Everyone&#039;s pretending. I&#039;m pretending that the Haitian mess is only external to the people. By showing the weaknesses of the state, I exonerate the Haitian people.\u00a0<\/p><p>The international community pretends that the Haitian state exists. I have heard 10 times more Haitians criticizing not their lousy state, but the UN, the United States, France...\u00a0<\/p><p><em>\u00a0See details below.<\/em><\/p>\t\t\t\t\t\t<\/div>\n\t\t\t\t<\/div>\n\t\t\t\t\t<\/div>\n\t\t<\/div>\n\t\t\t\t\t\t\t<\/div>\n\t\t<\/section>\n\t\t\t\t<section class=\"elementor-section elementor-top-section elementor-element elementor-element-774e9d6 elementor-section-boxed elementor-section-height-default elementor-section-height-default\" data-id=\"774e9d6\" data-element_type=\"section\">\n\t\t\t\t\t\t<div class=\"elementor-container elementor-column-gap-default\">\n\t\t\t\t\t<div class=\"elementor-column elementor-col-100 elementor-top-column elementor-element elementor-element-f00f49e\" data-id=\"f00f49e\" data-element_type=\"column\">\n\t\t\t<div class=\"elementor-widget-wrap elementor-element-populated\">\n\t\t\t\t\t\t\t\t<div class=\"elementor-element elementor-element-eb8d0ad elementor-widget-divider--view-line elementor-widget elementor-widget-divider\" data-id=\"eb8d0ad\" data-element_type=\"widget\" data-widget_type=\"divider.default\">\n\t\t\t\t<div class=\"elementor-widget-container\">\n\t\t\t\t\t<div class=\"elementor-divider\">\n\t\t\t<span class=\"elementor-divider-separator\">\n\t\t\t\t\t\t<\/span>\n\t\t<\/div>\n\t\t\t\t<\/div>\n\t\t\t\t<\/div>\n\t\t\t\t\t<\/div>\n\t\t<\/div>\n\t\t\t\t\t\t\t<\/div>\n\t\t<\/section>\n\t\t\t\t<section class=\"elementor-section elementor-top-section elementor-element elementor-element-c745d9e elementor-section-boxed elementor-section-height-default elementor-section-height-default\" data-id=\"c745d9e\" data-element_type=\"section\">\n\t\t\t\t\t\t<div class=\"elementor-container elementor-column-gap-default\">\n\t\t\t\t\t<div class=\"elementor-column elementor-col-100 elementor-top-column elementor-element elementor-element-536e309\" data-id=\"536e309\" data-element_type=\"column\">\n\t\t\t<div class=\"elementor-widget-wrap elementor-element-populated\">\n\t\t\t\t\t\t\t\t<div class=\"elementor-element elementor-element-2902157 elementor-widget elementor-widget-text-editor\" data-id=\"2902157\" data-element_type=\"widget\" data-widget_type=\"text-editor.default\">\n\t\t\t\t<div class=\"elementor-widget-container\">\n\t\t\t\t\t\t\t<h5><strong>Full articles<\/strong><\/h5>\t\t\t\t\t\t<\/div>\n\t\t\t\t<\/div>\n\t\t\t\t\t<\/div>\n\t\t<\/div>\n\t\t\t\t\t\t\t<\/div>\n\t\t<\/section>\n\t\t\t\t<section class=\"elementor-section elementor-top-section elementor-element elementor-element-3c57148 elementor-section-boxed elementor-section-height-default elementor-section-height-default\" data-id=\"3c57148\" data-element_type=\"section\">\n\t\t\t\t\t\t<div class=\"elementor-container elementor-column-gap-default\">\n\t\t\t\t\t<div class=\"elementor-column elementor-col-100 elementor-top-column elementor-element elementor-element-aac2877\" data-id=\"aac2877\" data-element_type=\"column\">\n\t\t\t<div class=\"elementor-widget-wrap elementor-element-populated\">\n\t\t\t\t\t\t\t\t<div class=\"elementor-element elementor-element-f3732cc elementor-widget elementor-widget-text-editor\" data-id=\"f3732cc\" data-element_type=\"widget\" data-widget_type=\"text-editor.default\">\n\t\t\t\t<div class=\"elementor-widget-container\">\n\t\t\t\t\t\t\t<p><strong>The opportunity for a new beginning for Haiti?<\/strong><\/p><table><tbody><tr><td><p><strong>Agnes Gruda<\/strong><br \/>The Press (01\/25\/2010)<\/p><\/td><\/tr><\/tbody><\/table><p>The Haitian government is too weak to manage the country&#039;s reconstruction alone, says Paul Collier, a former advisor to the UN Secretary-General on Haiti. This economist, who last year authored a major report on Haiti, believes that last week&#039;s disaster could provide an opportunity for a new beginning. But on certain conditions. Among them: establishing a kind of government co-managed with donor countries and international organizations, to make the crucial decisions of the next two or three years.<\/p><p>Caution: this is not about placing Haiti under international guardianship, warns the specialist, that\u00a0<em>The Press<\/em> reached in London yesterday. &quot;We must avoid these big explosive words. What is needed is a political structure where the main international actors will have the authority to act on the ground, in collaboration with the Haitian government.&quot;<\/p><p><strong>Port-au-Prince is thirsty (image)<\/strong><\/p><p>A year ago, Paul Collier presented his report on Haiti to UN Secretary-General Ban Ki-moon. The central point of this report is that, despite the ill fortune that is beating it, this country is not condemned to poverty. And that, with concrete, job-generating actions, Haiti can become a country at least as functional as the neighboring Dominican Republic.<\/p><p>The Haitian government drew inspiration from his report to produce an action plan approved by its international partners. It&#039;s true that there was no follow-up, but this plan exists, and we can build on it to rebuild the country, says Paul Collier.<\/p><p><strong>Act quickly<\/strong><\/p><p>After the four hurricanes two years ago, it took seven months to agree on a reconstruction plan for Haiti. &quot;And after seven months, the international community&#039;s energy was gone,&quot; recalls Paul Collier. He fears, once again, that aid efforts will fizzle out. &quot;In three months, the world&#039;s attention will be elsewhere. If we don&#039;t act now, I can guarantee we won&#039;t act at all...&quot;<\/p><p>The author of\u00a0<em>The Bottom Billion<\/em>\u00a0(&quot;The bottom billion&quot;) believes that the danger still lurking even among the best-intentioned donors today is that they each pull in their own direction, without coordination. &quot;This is what has been happening for 40 years,&quot; he laments. With one week to go before the reconstruction conference in Montreal, Paul Collier therefore recommends learning the lessons of the past. And establishing a joint decision-making structure that would include Canada, the United States, and the European Commission to help Haiti get back on its feet.<\/p><p>But doesn&#039;t such a proposal risk awakening the ghosts of colonialism? &quot;Let&#039;s not drop ideological bombs,&quot; he replies. &quot;This tragedy has left 200,000 dead; it&#039;s a pure nightmare. It&#039;s not about sitting down and telling Haitians what to do, but rather acting in concert with their political leaders.&quot;<\/p><p>Even before the disaster, the Haitian state was barely functioning: &quot;Basic services were not provided by the government, but by NGOs or the private sector,&quot; says Paul Collier. With the devastation that has hit them hard, Haitian leaders are completely overwhelmed.<\/p><p><strong>Moving the capital?<\/strong><\/p><p><span style=\"color: #ff0000;\">But the earthquake&#039;s impact also highlights Port-au-Prince&#039;s fragility. Should we consider relocating the capital? It&#039;s located in a dangerous location, and in rebuilding the country, care should be taken to decentralize government services and economic activity in Haiti, the expert emphasizes.<\/span><\/p><p>Collier hesitates to take the step of moving the capital altogether. But he emphasizes that the reconstruction effort must be &quot;geographically dispersed,&quot; if only to prevent more Haitians from flocking to Port-au-Prince in the hope of finding a better life there.<\/p><p><span style=\"color: #ff0000;\">How can we finally ensure that the international outpouring of generosity doesn&#039;t lead to another dead end? Paul Collier cites three factors for success. First, draw inspiration from the plan already accepted by Haiti and the international community. Second, create a co-managed government for a few years. Finally, keep track of the money and prevent it from being diverted from its intended purpose.<\/span><\/p><p>If these conditions are met, Paul Collier believes, the horrific tragedy could provide an opportunity for a new beginning. Because the real challenge is not rebuilding Haiti to where it was before the earthquake. &quot;The real challenge is change.&quot;\u00a0<\/p>\t\t\t\t\t\t<\/div>\n\t\t\t\t<\/div>\n\t\t\t\t\t<\/div>\n\t\t<\/div>\n\t\t\t\t\t\t\t<\/div>\n\t\t<\/section>\n\t\t\t\t<section class=\"elementor-section elementor-top-section elementor-element elementor-element-7282f26 elementor-section-boxed elementor-section-height-default elementor-section-height-default\" data-id=\"7282f26\" data-element_type=\"section\">\n\t\t\t\t\t\t<div class=\"elementor-container elementor-column-gap-default\">\n\t\t\t\t\t<div class=\"elementor-column elementor-col-100 elementor-top-column elementor-element elementor-element-60ac2e6\" data-id=\"60ac2e6\" data-element_type=\"column\">\n\t\t\t<div class=\"elementor-widget-wrap elementor-element-populated\">\n\t\t\t\t\t\t\t\t<div class=\"elementor-element elementor-element-5ea0da9 elementor-widget elementor-widget-text-editor\" data-id=\"5ea0da9\" data-element_type=\"widget\" data-widget_type=\"text-editor.default\">\n\t\t\t\t<div class=\"elementor-widget-container\">\n\t\t\t\t\t\t\t<p><strong>Haiti, sick of its charades<\/strong><\/p><table><tbody><tr><td><p><strong>Patrick Lagac\u00e9<\/strong><br \/>The Press (01\/30\/2010)<\/p><\/td><\/tr><\/tbody><\/table><p>It&#039;s always something: Tapis-Rouge has the most beautiful view of all the new slums in Port-au-Prince. A breathtaking view of the bay of Port-au-Prince, which forms a turquoise arc before your eyes. In the bay, in the distance, at least 12 boats. Above the bay, a helicopter. A striking scene. The bay, the boats, the helicopter. The spectacle of international aid, the world coming to Haiti&#039;s rescue. On the slope I&#039;m descending, trying not to fall flat on my face, there are the smells of grilled chicken, shit, and burning garbage. A few chickens, at least a million children, some of whom are waving kites made from old garbage bags in the wind.<\/p><p><strong><em>A brand new slum<\/em><\/strong><\/p><p>In the sky, 100 meters away, above the kites, glittering on the tips of branches tied together, was the blue and red flag of Haiti. It fluttered above the hut of Dielva Duval, secretary general of CAPSE, which serves as a citizens&#039; committee. Mr. Duval, along with Jean-Jacques Faubert, president of CAPSE, heads the committee, which &quot;helps people in all their needs.&quot; And the flag? &quot;It indicates where our organization is,&quot; said Mr. Duval, a police officer. &quot;People see the flag, they know they&#039;ll find information here.&quot;<\/p><p><span style=\"color: #ff0000;\">Faubert: &quot;Haiti, our beloved country, has been struck. This flag shows our identity. It must always fly.&quot;<\/span> \u00a0There&#039;s one thing you need to know about this country. Its inhabitants love it madly. Haiti is the state that least deserves the love of its inhabitants. Two hundred years later, Haitians are still galvanized by their history, by their status as the &quot;first black republic,&quot; obsessed with their independence, wrested from the French in 1804. In this shantytown here, in Tapis-Rouge, the state is Messrs. Faubert and Duval. Obviously, in Haiti, the state is nothing.<\/p><p><span style=\"color: #ff0000;\">I&#039;m sick of Haiti&#039;s charades. Everyone in this country is bullshitting. The government, the politicians, the Haitians, the journalists\u2014those from here and elsewhere\u2014the proverbial international community, the aid workers.<\/span>\u00a0It starts with your driver, who, even if he doesn&#039;t know how to get to Les Cayes, will lie and tell you he knows how to get to Les Cayes. He&#039;ll even tell you it takes two hours. On the way, he&#039;ll ask everyone for directions and arrive four hours later. It continues with this state that reeks of grandiloquence, pestered by officials who get hard over titles, uniforms, and grand speeches.<\/p><p>As we drove toward Tapis-Rouge, Ren\u00e9 Pr\u00e9val, President of the Republic\u2014Haiti got rid of France but adopted its pomp\u2014was being interviewed on Radio-Cara\u00efbes. Twenty-five minutes of nonsense. Twenty-five minutes of hot air, slogans, wishful thinking. Bullshit. And, unfortunately, 25 minutes of servility from an interviewer who never challenged Haiti&#039;s leader, especially not when Mr. Pr\u00e9val explained his appalling silence of several days after January 12. One of the host&#039;s first questions: how did the tragedy challenge his faith? Fuck.<\/p><p><span style=\"color: #ff0000;\">I&#039;m tired of charades. Everyone&#039;s pretending.<\/span>\u00a0Even I pretend. I pretend that the Haitian mess is only external to the people. By showing the weaknesses of the state, I exonerate the Haitian people. Now, sorry, but Haitians, collectively, are appallingly, depressingly, and deleteriously passive. To be cute, like everyone else, I describe this passivity as fatalism.<\/p><p><span style=\"color: #ff0000;\">The international community pretends that the Haitian state exists.<\/span> A state does not exist when the UN ensures its security through arms. When a foreign power lands planes after an earthquake that has NOT destroyed its airport control tower. When the friends of Jesus care for and educate its citizens. And there are the NGOs. Full of goodwill, of course. Populated by saints, I say this with sincere admiration. From Doctors Without Borders to the Red Cross: it is saints who come here.\u00a0<\/p><p>But all this support from NGOs and foreign countries, in the end, helps Haitians\u2026 to death. Faced with the shocks caused by the humanitarian disaster,\u00a0<span style=\"color: #ff0000;\">I heard 10 times more Haitians criticizing not their lousy state, but the UN, the United States, France...\u00a0<\/span> Helping to death. An example. And I know I&#039;m going to get tomatoes thrown at me because it&#039;s an isolated case. But I don&#039;t care. It&#039;s representative and emblematic. I stop at the grocery store this week. Yes, the grocery stores have reopened, no more granola bars. I open the door of the vehicle, my driver puts his hand on my arm: &quot;Will you bring me a bottle of water?&quot; OK, OK, yes. I put my foot down, he says to me (it wasn&#039;t a request) something else: &quot;And a beer.&quot; The problem is that\u2014media competition obliges\u2014our drivers are very, very, very well paid. Not by Haitian standards. By OUR standards: 200$US per day. A beer, eh? Do you want me to drive while you drink it, too?\u00a0<\/p><p>I sound brutal. But that&#039;s part of the charade: for fear of being accused of insensitivity or racism, no one is ever brutal to Haiti. Haitians, anyway, wouldn&#039;t take it. Brutal among themselves is fine, from dictators to coup plotters, they tolerate it. And when an elected president cuts their balls off, it&#039;s the US Marines who kick him out. Not the Haitians.\u00a0<span style=\"color: #ff0000;\">But if the criticism comes from a foreigner, then there&#039;s an outcry, a flood of emails, endless verbiage on the radio,<\/span>\u00a0This is the accusation of colonialist aims.<\/p><p><span style=\"color: #ff0000;\">I&#039;m tired of charades.<\/span>\u00a0I&#039;ve been heartbroken enough by enough starving children this week. I believe I&#039;ve described the emergency with enough compassion to be entitled, here, just once, to say that Haitians are actively participating in their misfortune. By passivity, precisely.\u00a0<span style=\"color: #ff0000;\">And us? Continuing to help Haiti exactly as we did before January 12th is creating another generation of misery, orphans, and bullshit.<\/span><\/p><p><span style=\"color: #ff0000;\">Enough, please. Enough.<\/span><\/p>\t\t\t\t\t\t<\/div>\n\t\t\t\t<\/div>\n\t\t\t\t\t<\/div>\n\t\t<\/div>\n\t\t\t\t\t\t\t<\/div>\n\t\t<\/section>\n\t\t\t\t\t\t\t<\/div>","protected":false},"excerpt":{"rendered":"<p>Politique Articles d&rsquo;int\u00e9r\u00eats sur Ha\u00efti Archives d&rsquo;articles internationaux d&rsquo;int\u00e9r\u00eats sur Ha\u00efti Perception courante chez les \u00e9trangers concernant la soci\u00e9t\u00e9 ha\u00eftienne Agn\u00e8s GrudaLa Presse\u00a0\u00a0(25\/01\/2010) L&rsquo;\u00c9tat ha\u00eftien est trop faible pour g\u00e9rer seul la reconstruction du pays, affirme Paul Collier, ancien conseiller du secr\u00e9taire g\u00e9n\u00e9ral de l&rsquo;ONU sur Ha\u00efti.\u00a0Cet \u00e9conomiste, qui a sign\u00e9 l&rsquo;an dernier un important [&hellip;]<\/p>","protected":false},"author":1,"featured_media":0,"parent":250,"menu_order":0,"comment_status":"closed","ping_status":"closed","template":"","meta":{"footnotes":""},"class_list":["post-2720","page","type-page","status-publish","hentry"],"_links":{"self":[{"href":"https:\/\/www.haitivision.ca\/en\/wp-json\/wp\/v2\/pages\/2720","targetHints":{"allow":["GET"]}}],"collection":[{"href":"https:\/\/www.haitivision.ca\/en\/wp-json\/wp\/v2\/pages"}],"about":[{"href":"https:\/\/www.haitivision.ca\/en\/wp-json\/wp\/v2\/types\/page"}],"author":[{"embeddable":true,"href":"https:\/\/www.haitivision.ca\/en\/wp-json\/wp\/v2\/users\/1"}],"replies":[{"embeddable":true,"href":"https:\/\/www.haitivision.ca\/en\/wp-json\/wp\/v2\/comments?post=2720"}],"version-history":[{"count":29,"href":"https:\/\/www.haitivision.ca\/en\/wp-json\/wp\/v2\/pages\/2720\/revisions"}],"predecessor-version":[{"id":5599,"href":"https:\/\/www.haitivision.ca\/en\/wp-json\/wp\/v2\/pages\/2720\/revisions\/5599"}],"up":[{"embeddable":true,"href":"https:\/\/www.haitivision.ca\/en\/wp-json\/wp\/v2\/pages\/250"}],"wp:attachment":[{"href":"https:\/\/www.haitivision.ca\/en\/wp-json\/wp\/v2\/media?parent=2720"}],"curies":[{"name":"wp","href":"https:\/\/api.w.org\/{rel}","templated":true}]}}